{"id":84,"date":"2019-11-22T13:00:01","date_gmt":"2019-11-22T13:00:01","guid":{"rendered":"http:\/\/ohrwuermer-fischbach.de\/?page_id=84"},"modified":"2019-12-11T12:22:43","modified_gmt":"2019-12-11T12:22:43","slug":"guggaemusik-ohrwuermer-fischbach-e-v","status":"publish","type":"page","link":"https:\/\/ohrwuermer-fischbach.de\/?page_id=84","title":{"rendered":"\u00dcber die Ohrw\u00fcrmer"},"content":{"rendered":"\n<p>Wer h\u00e4tte am 10.10.1988 geglaubt, dass diese Gugg\u00e4musik, die ein\npaar junge Leute rund um den Initiator, Rubin M\u00fcller im Mohren gegr\u00fcndet\nhatten, 30 Jahre \u00fcberdauern und einmal ein Aush\u00e4ngeschild der Gemeinde werden w\u00fcrde<\/p>\n\n\n\n<p>Urspr\u00fcnglich aus den Reihen der Jugendclub Mitglieder und deren\nFreunde entstanden, sammelten diese, immer mehr willige junge Leute ein, die\nhemmungslos den schr\u00e4gen T\u00f6nen verfallen waren. So waren es nicht nur\nFischbacher, sondern auch Musiker(innen) aus Weilersbach, Niedereschach,\nFl\u00f6zlingen und Weiler, die anfangs trommelten und hupten so gut es eben ging.<\/p>\n\n\n\n<p>Damals hatte niemand auch nur einen Pfennig auf die Gruppe\ngesetzt, die mit lauter, schr\u00e4ger Musik zwar aufgefallen ist, aber auch viel\nKritik einstecken musste. Guggenmusik war bis zum Ende der 80er Jahre in\nFischbach noch g\u00e4nzlich unbekannt und auch nicht akzeptiert in der traditionell\ngepr\u00e4gten Fasnacht und musste sich ihren Platz erst einmal erk\u00e4mpfen und\nbehaupten.<\/p>\n\n\n\n<p>Dass es der Gugg\u00e4musik Ohrw\u00fcrmer gelungen ist, zweifelt heute\nniemand mehr an, denn der Verein ist heute aus der regionalen und\n\u00fcberregionalen Fasnacht nicht mehr weg zu denken, genauso wenig wie auch aus\ndem \u00f6rtlichen Vereinsleben.<\/p>\n\n\n\n<p style=\"color:#dd8d13\" class=\"has-text-color has-large-font-size\"><strong>Wie hat\ndenn vor gut 30 Jahren alles begonnen?<\/strong><\/p>\n\n\n\n<p>Es fanden sich am 10.10.1988 etwa 15 miteinander bereits\nbefreundete Jungs und M\u00e4dels bei ihrem Kumpel Berthold Wei\u00dfer in seinem\nGasthaus zum Mohren ein und berieten, wie sie denn die Fasnacht mit Musik\nbereichern k\u00f6nnten. Rubin M\u00fcller, der quasi als Gr\u00fcndungsvater agierte, brachte\ndie Wege dann in Richtung Guggenmusik, angelehnt an die vielen Schweizer\nVorbilder, wie die \u201eFlying Dorias\u201c die seinerzeit immer nach Niedereschach\nkamen.<\/p>\n\n\n\n<p>Also war es beschlossene Sache, man gr\u00fcndete an diesem Abend die\n\u201eGugg\u00e4musik Ohrw\u00fcrmer Fischbach\u201c und beschloss, jeder mit seinem Instrument,\nein Teil davon zu werden. Nach der Gr\u00fcndung und vor der 1. Fasnacht machte die\nIdee schnell die Runde und es kamen noch weitere wichtige Musiker dazu, wie z.\nB. Hartmut Stern und J\u00fcrgen Stehle, die auch den n\u00f6tigen musikalischen\nHintergrund mitbrachten aus dem Musikverein Fischbach.<\/p>\n\n\n\n<p style=\"color:#dd8d13\" class=\"has-text-color has-large-font-size\"><strong>Wie ging\nes dann weiter?<\/strong><\/p>\n\n\n\n<p>Geprobt wurde anfangs am Sonntag um 10:00 Uhr morgens. Rubin\nM\u00fcller leitete uns von Anfang an und studierte die Lieder mit uns ein, bis 1992\ndann Hartmut Stern die musikalische Leitung \u00fcbernahm und uns musikalisch schon\nrichtig voranbrachte. Rubin blieb in dieser Zeit immer der Organisator.<\/p>\n\n\n\n<p>Nachdem Harald Schmidt 2 Jahre lang die Leitung innehatte,\n\u00fcbernahm zur Saison 1998 dann Daniel Lipp, sowohl das Amt des musikalischen\nLeiters, wie auch die Aufgabe des Organisators der Gruppe quasi in\nPersonalunion. Organisator bzw. Vorstand war Daniel Lipp bis 2019 und gab diese\nPosition an Martin M\u00fcller ab. Die musikalische Leitung lag von 2009 bis 2016\nbei Stefan Staiger, 2016 bis 2019 bei Ferdinand K\u00f6nig und seit 2019 bei Rebecca\nR\u00fchlemann liegt. <\/p>\n\n\n\n<p>Musikalisch konnten wir uns in den Jahren auch dank Ronny Lauer, unserem Notenschreiber und Arrangeur, sehr stark ver\u00e4ndern und unseren ganz eigenen Stil entwickeln. So spielen wir, dem allgemeinen Trend zum Trotz, eher einen schnellen, rockigen und druckvollen Sound. Das kommt gut an und hebt uns bisweilen auch ab von der Masse.<\/p>\n\n\n\n<p style=\"color:#dd8d13\" class=\"has-text-color has-large-font-size\"><strong>Was macht\ndie Ohrw\u00fcrmer denn besonders?<\/strong><\/p>\n\n\n\n<p>Das f\u00e4ngt wahrscheinlich schon bei unserem Motto an: \u201eExtreme\nMusic by extreme people!\u201c <\/p>\n\n\n\n<p>Wir wollen anders sein und leben das auch und pr\u00e4sentieren uns\nentsprechend. <\/p>\n\n\n\n<p>Besonders ist auch unser unglaublich starker Zusammenhalt. In kaum\neinem Verein gibt\u2019s ein solches Zusammengeh\u00f6rigkeitsgef\u00fchl wie bei den\nOhrw\u00fcrmern. Man ist nicht Mitglied in einem Verein, sondern man ist ein\nOhrwurm, ein Teil vom Ganzen und jeder ist wichtig. Wenn wir zusammen sind,\nsind wir eine sehr verschworene Gemeinschaft mit starken Prinzipien, was f\u00fcr\nviele Au\u00dfenstehende nicht immer leicht zu verstehen ist und uns auch manchmal\nschon den Ruf von Arroganz eingebracht hat, aber das t\u00e4uscht! Jedem zur Freud \u2013\nkeinem zum Leid!<\/p>\n\n\n\n<p>Wir haben einfach Spa\u00df, egal wo wir sind. Wir hatten schon einmal\neinen Auftritt vor einer quasi leeren Halle, in der lediglich noch das\nThekenpersonal anwesend war, aber das hat uns nicht gest\u00f6rt. Wir hatten ja uns\nund das gen\u00fcgte v\u00f6llig, um ein wildes fest zu feiern.<\/p>\n\n\n\n<p style=\"color:#dd8d13\" class=\"has-text-color has-large-font-size\"><strong>Wie wird\nes mit den Ohrw\u00fcrmern weitergehen?<\/strong><\/p>\n\n\n\n<p>Wir sind sehr zuversichtlich, dass wir unseren Weg fortsetzen und\nuns stetig ver\u00e4ndern und verbessern k\u00f6nnen. Es sind viele junge Musikerinnen\nund Musiker in den Startl\u00f6chern, die fast schon sehns\u00fcchtig darauf warten\nendlich 18 Jahre alt zu werden, damit sie mitspielen d\u00fcrfen. <\/p>\n\n\n\n<p style=\"color:#dd8d13\" class=\"has-text-color has-large-font-size\"><strong>Musikalisch geleitet wurden die Ohrw\u00fcrmer bisher von:<\/strong><\/p>\n\n\n\n<ul><li>Rubin M\u00fcller&nbsp;&nbsp;&nbsp;&nbsp;&nbsp;&nbsp;&nbsp;&nbsp;&nbsp;&nbsp;&nbsp;&nbsp;&nbsp; (1988\n\u2013 1992)<\/li><\/ul>\n\n\n\n<ul><li>Hartmut Stern&nbsp;&nbsp;&nbsp;&nbsp;&nbsp;&nbsp;&nbsp;&nbsp;&nbsp;&nbsp;&nbsp;&nbsp; (1992\n\u2013 1996)<\/li><\/ul>\n\n\n\n<ul><li>Harald Schmidt&nbsp;&nbsp;&nbsp;&nbsp;&nbsp;&nbsp;&nbsp;&nbsp;&nbsp; (1996\n\u2013 1998)<\/li><\/ul>\n\n\n\n<ul><li>Daniel Lipp&nbsp;&nbsp;&nbsp;&nbsp;&nbsp;&nbsp;&nbsp;&nbsp;&nbsp;&nbsp;&nbsp;&nbsp;&nbsp;&nbsp;&nbsp; (1998\n\u2013 2009)<\/li><\/ul>\n\n\n\n<ul><li>Stefan Staiger&nbsp;&nbsp;&nbsp;&nbsp;&nbsp;&nbsp;&nbsp;&nbsp;&nbsp;&nbsp;&nbsp;&nbsp; (2009\n\u2013 2016)<\/li><\/ul>\n\n\n\n<ul><li>Ferdinand K\u00f6nig&nbsp;&nbsp;&nbsp;&nbsp;&nbsp;&nbsp;&nbsp; (2016\n\u2013 2019)<\/li><\/ul>\n\n\n\n<ul><li>Rebecca R\u00fchlemann&nbsp;&nbsp; (seit&nbsp; 2019)<\/li><\/ul>\n\n\n\n<p><\/p>\n","protected":false},"excerpt":{"rendered":"<p>Wer h\u00e4tte am 10.10.1988 geglaubt, dass diese Gugg\u00e4musik, die ein paar junge Leute rund um den Initiator, Rubin M\u00fcller im Mohren gegr\u00fcndet hatten, 30 Jahre \u00fcberdauern und einmal ein Aush\u00e4ngeschild der Gemeinde werden w\u00fcrde Urspr\u00fcnglich aus den Reihen der Jugendclub<\/p>\n","protected":false},"author":1,"featured_media":0,"parent":0,"menu_order":0,"comment_status":"closed","ping_status":"closed","template":"","meta":[],"_links":{"self":[{"href":"https:\/\/ohrwuermer-fischbach.de\/index.php?rest_route=\/wp\/v2\/pages\/84"}],"collection":[{"href":"https:\/\/ohrwuermer-fischbach.de\/index.php?rest_route=\/wp\/v2\/pages"}],"about":[{"href":"https:\/\/ohrwuermer-fischbach.de\/index.php?rest_route=\/wp\/v2\/types\/page"}],"author":[{"embeddable":true,"href":"https:\/\/ohrwuermer-fischbach.de\/index.php?rest_route=\/wp\/v2\/users\/1"}],"replies":[{"embeddable":true,"href":"https:\/\/ohrwuermer-fischbach.de\/index.php?rest_route=%2Fwp%2Fv2%2Fcomments&post=84"}],"version-history":[{"count":7,"href":"https:\/\/ohrwuermer-fischbach.de\/index.php?rest_route=\/wp\/v2\/pages\/84\/revisions"}],"predecessor-version":[{"id":144,"href":"https:\/\/ohrwuermer-fischbach.de\/index.php?rest_route=\/wp\/v2\/pages\/84\/revisions\/144"}],"wp:attachment":[{"href":"https:\/\/ohrwuermer-fischbach.de\/index.php?rest_route=%2Fwp%2Fv2%2Fmedia&parent=84"}],"curies":[{"name":"wp","href":"https:\/\/api.w.org\/{rel}","templated":true}]}}